{"id":533,"date":"2026-01-17T03:54:02","date_gmt":"2026-01-16T19:54:02","guid":{"rendered":"https:\/\/xianghengtech.com\/?page_id=533"},"modified":"2026-01-17T05:10:59","modified_gmt":"2026-01-16T21:10:59","slug":"%e9%9a%90%e7%a7%81%e6%94%bf%e7%ad%96","status":"publish","type":"page","link":"https:\/\/xianghengtech.com\/es\/1-1\/","title":{"rendered":"Pol\u00edtica de privacidad"},"content":{"rendered":"<div class=\"geloom-privacy\">\n  <style>\n    .geloom-privacy {\n      --gp-primary: #111827;\n      --gp-accent: #f973b7;\n      --gp-text-main: #111827;\n      --gp-text-sub: #4b5563;\n      --gp-bg-light: #f9fafb;\n      --gp-border-soft: #e5e7eb;\n\n      font-family: -apple-system, BlinkMacSystemFont, \"Segoe UI\", Roboto,\n        \"Helvetica Neue\", Arial, \"PingFang SC\", \"Microsoft YaHei\", sans-serif;\n      color: var(--gp-text-main);\n      line-height: 1.8;\n    }\n\n    .geloom-privacy * {\n      box-sizing: border-box;\n    }\n\n    .geloom-privacy a {\n      color: #2563eb;\n      text-decoration: none;\n    }\n\n    .geloom-privacy a:hover {\n      text-decoration: underline;\n    }\n\n    .geloom-privacy__card {\n      background-color: #ffffff;\n      border-radius: 18px;\n      border: 1px solid var(--gp-border-soft);\n      box-shadow: 0 18px 45px rgba(15, 23, 42, 0.08);\n      padding: 32px 28px;\n      max-width: 880px;\n      margin: 0 auto;\n    }\n\n    @media (min-width: 768px) {\n      .geloom-privacy__card {\n        padding: 40px 44px;\n      }\n    }\n\n    .gp-section-title {\n      display: flex;\n      align-items: center;\n      gap: 8px;\n      font-size: 20px;\n      font-weight: 700;\n      margin: 32px 0 12px;\n    }\n\n    .gp-section-title:first-of-type {\n      margin-top: 0;\n    }\n\n    .gp-section-title-bar {\n      width: 4px;\n      height: 18px;\n      border-radius: 999px;\n      background: linear-gradient(135deg, #3b82f6, var(--gp-accent));\n      flex-shrink: 0;\n    }\n\n    .gp-section-title-text {\n      display: inline-block;\n    }\n\n    .geloom-privacy p {\n      margin: 8px 0;\n      font-size: 15px;\n      color: var(--gp-text-sub);\n    }\n\n    .geloom-privacy ul,\n    .geloom-privacy ol {\n      margin: 8px 0 8px 1.2em;\n      padding-left: 0.8em;\n      color: var(--gp-text-sub);\n      font-size: 15px;\n    }\n\n    .geloom-privacy li {\n      margin: 4px 0;\n    }\n\n    .gp-muted {\n      font-size: 13px;\n      color: #9ca3af;\n    }\n\n    .gp-highlight-box {\n      background: var(--gp-bg-light);\n      border-radius: 12px;\n      border: 1px dashed var(--gp-border-soft);\n      padding: 12px 14px;\n      margin: 16px 0;\n      font-size: 14px;\n      color: var(--gp-text-sub);\n    }\n\n    .gp-divider {\n      height: 1px;\n      background: linear-gradient(\n        90deg,\n        transparent,\n        rgba(148, 163, 184, 0.8),\n        transparent\n      );\n      margin: 28px 0;\n    }\n\n    .gp-footer-note {\n      margin-top: 32px;\n      text-align: center;\n      font-size: 13px;\n      color: #6b7280;\n    }\n  <\/style>\n\n  <article class=\"geloom-privacy__card\">\n    <!-- \u4e00\u3001\u7b80\u4ecb\u4e0e\u9002\u7528\u8303\u56f4 -->\n    <h2 class=\"gp-section-title\">\n      <span class=\"gp-section-title-bar\"><\/span>\n      <span class=\"gp-section-title-text\">I. Introducci\u00f3n y \u00e1mbito de aplicaci\u00f3n<\/span>\n    <\/h2>\n    <p>\n      Beijing Xiangheng Technology Co., Ltd. (en adelante, \u201cla Empresa\u201d o \u201cnosotros\u201d) concede gran importancia a la protecci\u00f3n de su informaci\u00f3n personal y su privacidad. La presente Pol\u00edtica de privacidad explica c\u00f3mo tratamos su informaci\u00f3n personal cuando accede y utiliza los sitios web gestionados por la Empresa.\n      <a href=\"https:\/\/xianghengtech.com\/es\/\" target=\"_blank\"\n        rel=\"noopener noreferrer\">https:\/\/xianghengtech.com<\/a>\n      (en adelante, \u201ceste sitio web\u201d) y los servicios en l\u00ednea asociados a este sitio web.\n    <\/p>\n    <p>\n      Esta Pol\u00edtica de Privacidad se aplica a su acceso a este sitio web a trav\u00e9s de computadoras, tel\u00e9fonos m\u00f3viles u otros dispositivos terminales, y a su uso de los m\u00e9todos de contacto en l\u00ednea, formularios de consulta y otras funciones que ofrecemos. Si no est\u00e1 de acuerdo con alg\u00fan aspecto de esta pol\u00edtica, deje de utilizar este sitio web inmediatamente.\n    <\/p>\n\n    <!-- \u4e8c\u3001\u6211\u4eec\u662f\u8c01 -->\n    <h2 class=\"gp-section-title\">\n      <span class=\"gp-section-title-bar\"><\/span>\n      <span class=\"gp-section-title-text\">II. Qui\u00e9nes somos<\/span>\n    <\/h2>\n    <p>Nombre de la empresa: Beijing Xiangheng Technology Co., Ltd.<\/p>\n    <p>Sitio web oficial:<a href=\"https:\/\/xianghengtech.com\/es\/\" target=\"_blank\"\n        rel=\"noopener noreferrer\">https:\/\/xianghengtech.com<\/a><\/p>\n    <p>Correo electr\u00f3nico de contacto: david@xianghengtech.com<\/p>\n    <p>Direcci\u00f3n de contacto: N.\u00ba 9, callejuela A1, aldea de Xidulan, municipio de Nanfaxin, distrito de Shunyi, Pek\u00edn.<\/p>\n    <div class=\"gp-highlight-box\">\n      En esta Pol\u00edtica de privacidad, \u201custed\u201d se refiere a los usuarios que acceden o utilizan este sitio web; \u201cinformaci\u00f3n personal\u201d denota cualquier informaci\u00f3n registrada electr\u00f3nicamente o de otro modo que, por s\u00ed sola o en combinaci\u00f3n con otra informaci\u00f3n, pueda identificar a una persona f\u00edsica espec\u00edfica o reflejar sus actividades.\n    <\/div>\n\n    <!-- \u4e09\u3001\u6211\u4eec\u6536\u96c6\u54ea\u4e9b\u4fe1\u606f -->\n    <h2 class=\"gp-section-title\">\n      <span class=\"gp-section-title-bar\"><\/span>\n      <span class=\"gp-section-title-text\">III. \u00bfQu\u00e9 informaci\u00f3n recopilamos?<\/span>\n    <\/h2>\n    <p>Nos regiremos por los principios de legalidad, equidad y necesidad, recopilando \u00fanicamente la informaci\u00f3n esencial para alcanzar los fines descritos en esta pol\u00edtica, incluyendo, entre otros:<\/p>\n    <ol>\n      <li>\n        <strong>Informaci\u00f3n que usted ha proporcionado voluntariamente:<\/strong>\n        Cuando env\u00eda formularios como \u201cCont\u00e1ctenos\u201d o \u201cConsulta en l\u00ednea\u201d en este sitio web, puede proporcionarnos informaci\u00f3n que incluye su nombre, nombre de la empresa, cargo, direcci\u00f3n de correo electr\u00f3nico, n\u00famero de tel\u00e9fono de contacto, pa\u00eds\/regi\u00f3n de residencia y una descripci\u00f3n de su proyecto o requisitos del producto.\n      <\/li>\n      <li>\n        <strong>Informaci\u00f3n que recopilamos autom\u00e1ticamente:<\/strong>\n        Para garantizar el correcto funcionamiento del sitio web y mejorar la experiencia de navegaci\u00f3n, podemos recopilar autom\u00e1ticamente informaci\u00f3n sobre el dispositivo y los registros, como por ejemplo:\n        <ul>\n          <li>Informaci\u00f3n del dispositivo: tipo y versi\u00f3n del navegador, tipo de sistema operativo, resoluci\u00f3n de pantalla, configuraci\u00f3n de idioma, etc.<\/li>\n          <li>Informaci\u00f3n de registro: hora de acceso, p\u00e1ginas visitadas y duraci\u00f3n de la visita, p\u00e1gina web de referencia, direcci\u00f3n IP, etc.<\/li>\n          <li>Identificadores generados por cookies y tecnolog\u00edas similares.<\/li>\n        <\/ul>\n      <\/li>\n      <li>\n        <strong>Informaci\u00f3n esencial de terceros:<\/strong>\n        Si utilizamos servicios de terceros, como an\u00e1lisis de datos o env\u00edo de correos electr\u00f3nicos, estos proveedores pueden proporcionarnos informaci\u00f3n estad\u00edstica agregada o an\u00f3nima para analizar el uso del sitio web y optimizar nuestros servicios.\n      <\/li>\n    <\/ol>\n\n    <!-- \u56db\u3001\u6211\u4eec\u5982\u4f55\u4f7f\u7528\u60a8\u7684\u4fe1\u606f -->\n    <h2 class=\"gp-section-title\">\n      <span class=\"gp-section-title-bar\"><\/span>\n      <span class=\"gp-section-title-text\">IV. C\u00f3mo utilizamos su informaci\u00f3n<\/span>\n    <\/h2>\n    <p>Solo utilizaremos su informaci\u00f3n para los siguientes fines, de conformidad con las leyes y normativas aplicables y con la presente pol\u00edtica:<\/p>\n    <ul>\n      <li>Procesar y responder a sus consultas, solicitudes de cotizaci\u00f3n o solicitudes de servicio posventa.<\/li>\n      <li>Para mantener las comunicaciones comerciales necesarias con usted, como el env\u00edo de materiales sobre productos, propuestas t\u00e9cnicas o informaci\u00f3n relacionada con pedidos.<\/li>\n      <li>Mejorar y optimizar la estructura, el contenido y el rendimiento de este sitio web para mejorar la experiencia general del usuario.<\/li>\n      <li>Garantizar la seguridad de los sitios web y las redes, y prevenir actividades ilegales como el fraude y los ataques.<\/li>\n      <li>Cumplir con las obligaciones establecidas por las leyes y reglamentos o los requisitos normativos.<\/li>\n    <\/ul>\n    <p>\n      Si tuvi\u00e9ramos la intenci\u00f3n de utilizar tu informaci\u00f3n personal para fines no especificados en esta pol\u00edtica, o de utilizar la informaci\u00f3n recopilada para fines espec\u00edficos con otros fines, obtendremos tu consentimiento previo a trav\u00e9s de avisos en la p\u00e1gina u otros medios razonables.\n    <\/p>\n\n    <!-- \u4e94\u3001Cookie \u53ca\u7c7b\u4f3c\u6280\u672f -->\n    <h2 class=\"gp-section-title\">\n      <span class=\"gp-section-title-bar\"><\/span>\n      <span class=\"gp-section-title-text\">V. Cookies y tecnolog\u00edas similares<\/span>\n    <\/h2>\n    <p>\n      Para garantizar el correcto funcionamiento del sitio web, recordar sus preferencias y analizar las estad\u00edsticas de tr\u00e1fico del sitio web, podemos almacenar peque\u00f1os archivos de texto llamados cookies en su dispositivo. Las cookies suelen contener un identificador, el nombre del sitio y una combinaci\u00f3n de n\u00fameros y caracteres.\n    <\/p>\n    <p>\n      Podemos utilizar cookies para:\n    <\/p>\n    <ul>\n      <li>Recordar su idioma, regi\u00f3n y otras preferencias para ofrecerle contenido m\u00e1s familiar en su pr\u00f3xima visita.<\/li>\n      <li>Realizar un seguimiento del tr\u00e1fico del sitio web, las fuentes de los visitantes y el comportamiento de los usuarios para mejorar la estructura y el contenido del sitio web.<\/li>\n      <li>Garantiza la seguridad del inicio de sesi\u00f3n y evita el acceso malicioso.<\/li>\n    <\/ul>\n    <p>\n      Puede administrar o eliminar las cookies a trav\u00e9s de la configuraci\u00f3n de su navegador. La mayor\u00eda de los navegadores ofrecen la posibilidad de rechazar o borrar las cookies. Sin embargo, tenga en cuenta que desactivar las cookies puede afectar al funcionamiento normal de ciertas funciones del sitio web.\n    <\/p>\n\n    <!-- \u516d\u3001\u6211\u4eec\u5982\u4f55\u5171\u4eab\u3001\u8f6c\u8ba9\u548c\u516c\u5f00\u62ab\u9732\u60a8\u7684\u4fe1\u606f -->\n    <h2 class=\"gp-section-title\">\n      <span class=\"gp-section-title-bar\"><\/span>\n      <span class=\"gp-section-title-text\">VI. C\u00f3mo compartimos, transferimos y divulgamos p\u00fablicamente su informaci\u00f3n<\/span>\n    <\/h2>\n    <p>No venderemos su informaci\u00f3n personal a terceros. Solo compartiremos, transferiremos o divulgaremos p\u00fablicamente su informaci\u00f3n en las siguientes circunstancias:<\/p>\n    <ol>\n      <li>\n        <strong>Compartir informaci\u00f3n necesaria con los proveedores de servicios:<\/strong>\n        Para proporcionar alojamiento web, mantenimiento del sistema, an\u00e1lisis de datos, env\u00edo de correos electr\u00f3nicos y otras funcionalidades, podemos compartir la informaci\u00f3n necesaria con terceros que prestan los servicios pertinentes. Les exigimos que procesen la informaci\u00f3n \u00fanicamente dentro del \u00e1mbito del prop\u00f3sito encomendado y de esta pol\u00edtica, al tiempo que aplican medidas de confidencialidad y seguridad no menos estrictas que las nuestras.\n      <\/li>\n      <li>\n        <strong>Para cumplir con obligaciones legales o con solicitudes de autoridades gubernamentales:<\/strong>\n        Cuando as\u00ed lo exijan las leyes o normativas, o cuando lo soliciten las autoridades administrativas o judiciales de conformidad con la ley, podremos facilitar la informaci\u00f3n necesaria que se nos solicite.\n      <\/li>\n      <li>\n        <strong>Que impliquen fusiones, escisiones, reorganizaciones o transferencias de activos:<\/strong>\n        En caso de que nuestra empresa participe en una fusi\u00f3n, adquisici\u00f3n, transferencia de activos o transacci\u00f3n similar, su informaci\u00f3n personal podr\u00e1 ser transferida como parte de dicha transacci\u00f3n. Exigiremos al destinatario que se comprometa a cumplir la presente Pol\u00edtica de Privacidad; de lo contrario, le exigiremos que obtenga de nuevo su autorizaci\u00f3n y consentimiento.\n      <\/li>\n      <li>\n        <strong>Obtenci\u00f3n de su consentimiento expl\u00edcito por adelantado:<\/strong>\n        En otras circunstancias en las que sea necesario compartir, transferir o divulgar p\u00fablicamente su informaci\u00f3n, obtendremos su consentimiento o autorizaci\u00f3n expl\u00edcita de antemano.\n      <\/li>\n    <\/ol>\n\n    <!-- \u4e03\u3001\u6211\u4eec\u5982\u4f55\u5b58\u50a8\u548c\u4fdd\u62a4\u60a8\u7684\u4fe1\u606f -->\n    <h2 class=\"gp-section-title\">\n      <span class=\"gp-section-title-bar\"><\/span>\n      <span class=\"gp-section-title-text\">VII. C\u00f3mo almacenamos y protegemos su informaci\u00f3n<\/span>\n    <\/h2>\n    <p>\n      Conservaremos su informaci\u00f3n personal durante el periodo necesario para cumplir con los fines descritos en esta pol\u00edtica, a menos que las leyes y normativas aplicables exijan o permitan un periodo de conservaci\u00f3n m\u00e1s largo. Una vez expirado el periodo de conservaci\u00f3n, eliminaremos o anonimizaremos su informaci\u00f3n personal.\n    <\/p>\n    <p>\n      Para evitar el acceso, uso, divulgaci\u00f3n, alteraci\u00f3n, da\u00f1o o p\u00e9rdida de informaci\u00f3n no autorizados, hemos implementado una serie de medidas de seguridad razonables y viables, que incluyen, entre otras, las siguientes:\n    <\/p>\n    <ul>\n      <li>Implementar mecanismos de control de acceso para restringir el acceso a la informaci\u00f3n relevante \u00fanicamente al personal autorizado.<\/li>\n      <li>Mitigar el riesgo de fuga de informaci\u00f3n mediante medidas t\u00e9cnicas como el cifrado y la anonimizaci\u00f3n de datos.<\/li>\n      <li>Realizar monitoreo y auditor\u00edas de seguridad de sistemas y servicios cr\u00edticos.<\/li>\n      <li>Organizar peri\u00f3dicamente cursos de formaci\u00f3n en materia de seguridad para el personal interno.<\/li>\n    <\/ul>\n    <p>\n      Aunque hemos implementado medidas razonables para proteger su informaci\u00f3n personal, la complejidad inherente al entorno de Internet implica que no podemos garantizar su seguridad absoluta durante la transmisi\u00f3n. Le recomendamos que mantenga segura su informaci\u00f3n personal y sus registros de comunicaci\u00f3n. Si sospecha que su informaci\u00f3n personal puede estar en riesgo, p\u00f3ngase en contacto con nosotros de inmediato a trav\u00e9s de los datos proporcionados en esta pol\u00edtica.\n    <\/p>\n\n    <!-- \u516b\u3001\u60a8\u7684\u6743\u5229 -->\n    <h2 class=\"gp-section-title\">\n      <span class=\"gp-section-title-bar\"><\/span>\n      <span class=\"gp-section-title-text\">VIII. Sus derechos<\/span>\n    <\/h2>\n    <p>En virtud de las leyes y normativas aplicables, usted tiene los siguientes derechos en relaci\u00f3n con su informaci\u00f3n personal:<\/p>\n    <ul>\n      <li>Tiene derecho a acceder y revisar la informaci\u00f3n personal que tenemos sobre usted (salvo que la ley o la normativa dispongan lo contrario).<\/li>\n      <li>Cuando se detecte que la informaci\u00f3n es inexacta o incompleta, se ejercer\u00e1 el derecho a solicitar su rectificaci\u00f3n o completamiento.<\/li>\n      <li>Tienes derecho a solicitar la eliminaci\u00f3n de tu informaci\u00f3n personal cuando lo permita la ley.<\/li>\n      <li>Tienes derecho a retirar tu consentimiento para actividades de tratamiento espec\u00edficas, pero dicha retirada no afectar\u00e1 a la legalidad de las actividades de tratamiento realizadas antes de la retirada basadas en tu consentimiento.<\/li>\n      <li>Cuando proceda, tiene derecho a presentar una queja o denuncia ante la autoridad supervisora competente en relaci\u00f3n con el tratamiento de datos personales.<\/li>\n    <\/ul>\n    <p>\n      Si desea ejercer los derechos mencionados anteriormente, p\u00f3ngase en contacto con nosotros a trav\u00e9s de los datos de contacto que figuran al final de esta pol\u00edtica. Por motivos de seguridad, es posible que le solicitemos una verificaci\u00f3n razonable de su identidad.\n    <\/p>\n\n    <!-- \u4e5d\u3001\u672a\u6210\u5e74\u4eba\u4fe1\u606f\u4fdd\u62a4 -->\n    <h2 class=\"gp-section-title\">\n      <span class=\"gp-section-title-bar\"><\/span>\n      <span class=\"gp-section-title-text\">IX. Protecci\u00f3n de la informaci\u00f3n de menores<\/span>\n    <\/h2>\n    <p>\n      Este sitio web est\u00e1 destinado principalmente a usuarios corporativos y usuarios adultos con plena capacidad jur\u00eddica, y no se dirige a menores como principales destinatarios de sus servicios. Si eres menor de edad, lee esta pol\u00edtica y utiliza este sitio web solo con el consentimiento y la orientaci\u00f3n de tu tutor legal.\n    <\/p>\n    <p>\n      Si descubrimos que se ha recopilado informaci\u00f3n personal de menores sin el consentimiento previo de sus tutores, tomaremos medidas inmediatas para eliminar o anonimizar dichos datos.\n    <\/p>\n\n    <!-- \u5341\u3001\u7b2c\u4e09\u65b9\u94fe\u63a5\u4e0e\u670d\u52a1 -->\n    <h2 class=\"gp-section-title\">\n      <span class=\"gp-section-title-bar\"><\/span>\n      <span class=\"gp-section-title-text\">X. Enlaces y servicios de terceros<\/span>\n    <\/h2>\n    <p>\n      Este sitio web puede contener enlaces a sitios web o servicios de terceros (como mapas en l\u00ednea, plataformas de video, redes sociales, etc.). Tenga en cuenta que los sitios web y servicios de terceros son administrados de forma independiente por sus respectivos operadores, y sus pr\u00e1cticas de privacidad no se rigen por esta Pol\u00edtica de privacidad.\n    <\/p>\n    <p>\n      Al acceder a sitios web de terceros o utilizar sus servicios, lea y cumpla con sus pol\u00edticas de privacidad publicadas o declaraciones pertinentes. No nos hacemos responsables de las pr\u00e1cticas de protecci\u00f3n de la privacidad de terceros.\n    <\/p>\n\n    <!-- \u5341\u4e00\u3001\u8de8\u5883\u4f20\u8f93\uff08\u5982\u9002\u7528\uff09 -->\n    <h2 class=\"gp-section-title\">\n      <span class=\"gp-section-title-bar\"><\/span>\n      <span class=\"gp-section-title-text\">XI. Transferencia transfronteriza (cuando corresponda)<\/span>\n    <\/h2>\n    <p>\n      Si la ubicaci\u00f3n de nuestros servidores o el uso de servicios de terceros requieren la transferencia de cierta informaci\u00f3n a regiones fuera del pa\u00eds, cumpliremos con las leyes y normativas pertinentes y aplicaremos medidas razonables y viables para salvaguardar la seguridad de su informaci\u00f3n personal. Esto incluye mitigar los riesgos mediante medios tales como la transmisi\u00f3n cifrada y los controles de acceso.\n    <\/p>\n\n    <!-- \u5341\u4e8c\u3001\u672c\u9690\u79c1\u653f\u7b56\u7684\u66f4\u65b0 -->\n    <h2 class=\"gp-section-title\">\n      <span class=\"gp-section-title-bar\"><\/span>\n      <span class=\"gp-section-title-text\">XII. Actualizaciones de esta Pol\u00edtica de Privacidad<\/span>\n    <\/h2>\n    <p>\n      Podemos revisar esta Pol\u00edtica de privacidad en respuesta a novedades empresariales, cambios en los servicios o actualizaciones de las leyes y normativas pertinentes. La pol\u00edtica revisada se publicar\u00e1 en esta p\u00e1gina y entrar\u00e1 en vigor a partir de la fecha de publicaci\u00f3n. En caso de cambios significativos, es posible que se lo notifiquemos a trav\u00e9s de medios razonables, como anuncios en el sitio web.\n    <\/p>\n    <p class=\"gp-muted\">\n      Los cambios sustanciales incluyen, entre otros: modificaciones importantes en la finalidad, el m\u00e9todo o el tipo de tratamiento de los datos personales; cambios en los destinatarios de los datos personales compartidos; cambios significativos en sus derechos fundamentales y en la forma de ejercerlos.\n    <\/p>\n\n    <!-- \u5341\u4e09\u3001\u5982\u4f55\u8054\u7cfb\u6211\u4eec -->\n    <h2 class=\"gp-section-title\">\n      <span class=\"gp-section-title-bar\"><\/span>\n      <span class=\"gp-section-title-text\">13. C\u00f3mo ponerse en contacto con nosotros<\/span>\n    <\/h2>\n    <p>Si tiene alguna pregunta, comentario o sugerencia sobre esta Pol\u00edtica de privacidad o sobre cuestiones relacionadas con la protecci\u00f3n de datos personales, o si desea ejercer sus derechos al respecto, puede ponerse en contacto con nosotros a trav\u00e9s de los siguientes medios:<\/p>\n    <p>Nombre de la empresa: Beijing Xiangheng Technology Co., Ltd.<\/p>\n    <p>Direcci\u00f3n de contacto: N.\u00ba 9, callejuela A1, aldea de Xidulan, municipio de Nanfaxin, distrito de Shunyi, Pek\u00edn.<\/p>\n    <p>Correo electr\u00f3nico de contacto: david@xianghengtech.com<\/p>\n    <p>N\u00famero de tel\u00e9fono de contacto: +86 13911182428<\/p>\n\n    <div class=\"gp-divider\"><\/div>\n\n    <div class=\"gp-footer-note\">\n      Beijing Xiangheng Technology Co., Ltd. Todos los derechos reservados.\n    <\/div>\n  <\/article>\n<\/div>","protected":false},"excerpt":{"rendered":"<p>\u4e00\u3001 \u7b80\u4ecb\u4e0e\u9002\u7528\u8303\u56f4 \u5317\u4eac\u7965\u4ea8\u79d1\u6280\u6709\u9650\u516c\u53f8\uff08\u4ee5\u4e0b\u7b80\u79f0\u201c\u672c\u516c\u53f8\u201d\u6216\u201c\u6211\u4eec\u201d\uff09\u975e\u5e38\u91cd\u89c6\u60a8\u7684\u4e2a\u4eba\u4fe1\u606f\u548c\u9690\u79c1\u4fdd\u62a4\u3002\u672c\u9690\u79c1\u653f\u7b56\u8bf4\u660e\u6211\u4eec\u5728\u60a8\u8bbf\u95ee\u548c\u4f7f\u7528\u672c\u516c\u53f8\u8fd0\u8425\u7684\u7f51\u7ad9 https:\/\/xianghengtech.com \uff08\u4ee5\u4e0b\u7b80\u79f0\u201c\u672c\u7f51\u7ad9\u201d\uff09\u4ee5\u53ca\u4e0e\u672c\u7f51&#8230;<\/p>","protected":false},"author":1,"featured_media":0,"parent":0,"menu_order":0,"comment_status":"closed","ping_status":"closed","template":"page-doc.php","meta":{"footnotes":""},"class_list":["post-533","page","type-page","status-publish","hentry"],"_links":{"self":[{"href":"https:\/\/xianghengtech.com\/es\/wp-json\/wp\/v2\/pages\/533","targetHints":{"allow":["GET"]}}],"collection":[{"href":"https:\/\/xianghengtech.com\/es\/wp-json\/wp\/v2\/pages"}],"about":[{"href":"https:\/\/xianghengtech.com\/es\/wp-json\/wp\/v2\/types\/page"}],"author":[{"embeddable":true,"href":"https:\/\/xianghengtech.com\/es\/wp-json\/wp\/v2\/users\/1"}],"replies":[{"embeddable":true,"href":"https:\/\/xianghengtech.com\/es\/wp-json\/wp\/v2\/comments?post=533"}],"version-history":[{"count":4,"href":"https:\/\/xianghengtech.com\/es\/wp-json\/wp\/v2\/pages\/533\/revisions"}],"predecessor-version":[{"id":546,"href":"https:\/\/xianghengtech.com\/es\/wp-json\/wp\/v2\/pages\/533\/revisions\/546"}],"wp:attachment":[{"href":"https:\/\/xianghengtech.com\/es\/wp-json\/wp\/v2\/media?parent=533"}],"curies":[{"name":"wp","href":"https:\/\/api.w.org\/{rel}","templated":true}]}}