{"id":533,"date":"2026-01-17T03:54:02","date_gmt":"2026-01-16T19:54:02","guid":{"rendered":"https:\/\/xianghengtech.com\/?page_id=533"},"modified":"2026-01-17T05:10:59","modified_gmt":"2026-01-16T21:10:59","slug":"%e9%9a%90%e7%a7%81%e6%94%bf%e7%ad%96","status":"publish","type":"page","link":"https:\/\/xianghengtech.com\/pt\/%e9%9a%90%e7%a7%81%e6%94%bf%e7%ad%96\/","title":{"rendered":"pol\u00edtica de privacidade"},"content":{"rendered":"<div class=\"geloom-privacy\">\n  <style>\n    .geloom-privacy {\n      --gp-primary: #111827;\n      --gp-accent: #f973b7;\n      --gp-text-main: #111827;\n      --gp-text-sub: #4b5563;\n      --gp-bg-light: #f9fafb;\n      --gp-border-soft: #e5e7eb;\n\n      font-family: -apple-system, BlinkMacSystemFont, \"Segoe UI\", Roboto,\n        \"Helvetica Neue\", Arial, \"PingFang SC\", \"Microsoft YaHei\", sans-serif;\n      color: var(--gp-text-main);\n      line-height: 1.8;\n    }\n\n    .geloom-privacy * {\n      box-sizing: border-box;\n    }\n\n    .geloom-privacy a {\n      color: #2563eb;\n      text-decoration: none;\n    }\n\n    .geloom-privacy a:hover {\n      text-decoration: underline;\n    }\n\n    .geloom-privacy__card {\n      background-color: #ffffff;\n      border-radius: 18px;\n      border: 1px solid var(--gp-border-soft);\n      box-shadow: 0 18px 45px rgba(15, 23, 42, 0.08);\n      padding: 32px 28px;\n      max-width: 880px;\n      margin: 0 auto;\n    }\n\n    @media (min-width: 768px) {\n      .geloom-privacy__card {\n        padding: 40px 44px;\n      }\n    }\n\n    .gp-section-title {\n      display: flex;\n      align-items: center;\n      gap: 8px;\n      font-size: 20px;\n      font-weight: 700;\n      margin: 32px 0 12px;\n    }\n\n    .gp-section-title:first-of-type {\n      margin-top: 0;\n    }\n\n    .gp-section-title-bar {\n      width: 4px;\n      height: 18px;\n      border-radius: 999px;\n      background: linear-gradient(135deg, #3b82f6, var(--gp-accent));\n      flex-shrink: 0;\n    }\n\n    .gp-section-title-text {\n      display: inline-block;\n    }\n\n    .geloom-privacy p {\n      margin: 8px 0;\n      font-size: 15px;\n      color: var(--gp-text-sub);\n    }\n\n    .geloom-privacy ul,\n    .geloom-privacy ol {\n      margin: 8px 0 8px 1.2em;\n      padding-left: 0.8em;\n      color: var(--gp-text-sub);\n      font-size: 15px;\n    }\n\n    .geloom-privacy li {\n      margin: 4px 0;\n    }\n\n    .gp-muted {\n      font-size: 13px;\n      color: #9ca3af;\n    }\n\n    .gp-highlight-box {\n      background: var(--gp-bg-light);\n      border-radius: 12px;\n      border: 1px dashed var(--gp-border-soft);\n      padding: 12px 14px;\n      margin: 16px 0;\n      font-size: 14px;\n      color: var(--gp-text-sub);\n    }\n\n    .gp-divider {\n      height: 1px;\n      background: linear-gradient(\n        90deg,\n        transparent,\n        rgba(148, 163, 184, 0.8),\n        transparent\n      );\n      margin: 28px 0;\n    }\n\n    .gp-footer-note {\n      margin-top: 32px;\n      text-align: center;\n      font-size: 13px;\n      color: #6b7280;\n    }\n  <\/style>\n\n  <article class=\"geloom-privacy__card\">\n    <!-- \u4e00\u3001\u7b80\u4ecb\u4e0e\u9002\u7528\u8303\u56f4 -->\n    <h2 class=\"gp-section-title\">\n      <span class=\"gp-section-title-bar\"><\/span>\n      <span class=\"gp-section-title-text\">I. Introdu\u00e7\u00e3o e escopo de aplica\u00e7\u00e3o<\/span>\n    <\/h2>\n    <p>\n      A Beijing Xiangheng Technology Co., Ltd (doravante denominada \u201cEmpresa\u201d ou \u201cn\u00f3s\u201d) leva muito a s\u00e9rio a prote\u00e7\u00e3o de suas informa\u00e7\u00f5es pessoais e de sua privacidade. Esta Pol\u00edtica de Privacidade explica como protegemos suas informa\u00e7\u00f5es pessoais quando voc\u00ea visita e usa os sites operados pela Empresa.\n      <a href=\"https:\/\/xianghengtech.com\/pt\/\" target=\"_blank\"\n        rel=\"noopener noreferrer\">https:\/\/xianghengtech.com<\/a>\n      (doravante denominado \u201cSite\u201d) e os servi\u00e7os on-line relacionados ao Site e como suas informa\u00e7\u00f5es pessoais s\u00e3o tratadas.\n    <\/p>\n    <p>\n      Esta Pol\u00edtica de Privacidade se aplica ao seu acesso a este site e ao seu uso do formul\u00e1rio de contato on-line, do formul\u00e1rio de consulta e de outros recursos fornecidos por n\u00f3s por meio do seu computador, telefone celular ou outro dispositivo final. Se voc\u00ea n\u00e3o concordar com qualquer parte desta pol\u00edtica, pare de usar este site imediatamente.\n    <\/p>\n\n    <!-- \u4e8c\u3001\u6211\u4eec\u662f\u8c01 -->\n    <h2 class=\"gp-section-title\">\n      <span class=\"gp-section-title-bar\"><\/span>\n      <span class=\"gp-section-title-text\">II Quem somos<\/span>\n    <\/h2>\n    <p>Nome da empresa: Beijing Xiangheng Technology Co.<\/p>\n    <p>Site oficial:<a href=\"https:\/\/xianghengtech.com\/pt\/\" target=\"_blank\"\n        rel=\"noopener noreferrer\">https:\/\/xianghengtech.com<\/a><\/p>\n    <p>E-mail de contato: david@xianghengtech.com<\/p>\n    <p>Endere\u00e7o para contato: No.9, A1 Lane, Xidulan Village, Nanfaxin Town, Shunyi District, Beijing, China<\/p>\n    <div class=\"gp-highlight-box\">\n      Para os fins desta Pol\u00edtica de Privacidade, \u201cvoc\u00ea\u201d refere-se ao usu\u00e1rio que acessa ou usa este site; \u201cinforma\u00e7\u00f5es pessoais\u201d referem-se a todos os tipos de informa\u00e7\u00f5es registradas eletronicamente ou de outra forma que, isoladamente ou em combina\u00e7\u00e3o com outras informa\u00e7\u00f5es, podem identificar uma pessoa f\u00edsica espec\u00edfica ou refletir suas atividades.\n    <\/div>\n\n    <!-- \u4e09\u3001\u6211\u4eec\u6536\u96c6\u54ea\u4e9b\u4fe1\u606f -->\n    <h2 class=\"gp-section-title\">\n      <span class=\"gp-section-title-bar\"><\/span>\n      <span class=\"gp-section-title-text\">III Quais informa\u00e7\u00f5es coletamos<\/span>\n    <\/h2>\n    <p>Seguiremos os princ\u00edpios de legalidade, legitimidade e necessidade e coletaremos somente as informa\u00e7\u00f5es necess\u00e1rias para cumprir as finalidades descritas nesta pol\u00edtica, incluindo, entre outras, as seguintes<\/p>\n    <ol>\n      <li>\n        <strong>Informa\u00e7\u00f5es que voc\u00ea forneceu como volunt\u00e1rio:<\/strong>\n        Ao enviar formul\u00e1rios como \u201cFale conosco\u201d e \u201cConsulta on-line\u201d neste site, voc\u00ea pode nos fornecer informa\u00e7\u00f5es como seu nome, nome da empresa, cargo, endere\u00e7o de e-mail, n\u00famero de telefone para contato, pa\u00eds\/regi\u00e3o e descri\u00e7\u00e3o dos requisitos do seu projeto ou produto.\n      <\/li>\n      <li>\n        <strong>Informa\u00e7\u00f5es que coletamos automaticamente:<\/strong>\n        Para manter o site em funcionamento e melhorar a experi\u00eancia do visitante, podemos coletar automaticamente informa\u00e7\u00f5es de dispositivos e registros, por exemplo:\n        <ul>\n          <li>Informa\u00e7\u00f5es do dispositivo: tipo e vers\u00e3o do navegador, tipo de sistema operacional, resolu\u00e7\u00e3o da tela, configura\u00e7\u00f5es de idioma etc;<\/li>\n          <li>Informa\u00e7\u00f5es de registro: tempo de acesso, p\u00e1ginas acessadas e tempo de perman\u00eancia, p\u00e1gina de origem, endere\u00e7o IP, etc;<\/li>\n          <li>Identificadores gerados por cookies e tecnologias semelhantes.<\/li>\n        <\/ul>\n      <\/li>\n      <li>\n        <strong>Informa\u00e7\u00f5es necess\u00e1rias de terceiros:<\/strong>\n        Se usarmos servi\u00e7os de terceiros, como estat\u00edsticas, correspond\u00eancias etc., esses provedores de servi\u00e7os poder\u00e3o nos fornecer informa\u00e7\u00f5es estat\u00edsticas agregadas ou an\u00f4nimas com o objetivo de analisar o uso do site e otimizar os servi\u00e7os.\n      <\/li>\n    <\/ol>\n\n    <!-- \u56db\u3001\u6211\u4eec\u5982\u4f55\u4f7f\u7528\u60a8\u7684\u4fe1\u606f -->\n    <h2 class=\"gp-section-title\">\n      <span class=\"gp-section-title-bar\"><\/span>\n      <span class=\"gp-section-title-text\">IV. Como usamos suas informa\u00e7\u00f5es<\/span>\n    <\/h2>\n    <p>Somente usaremos suas informa\u00e7\u00f5es para os seguintes fins, em conformidade com as leis e regulamentos e com esta pol\u00edtica:<\/p>\n    <ul>\n      <li>Processar e responder a sua consulta, solicita\u00e7\u00e3o de or\u00e7amento ou solicita\u00e7\u00e3o de servi\u00e7o p\u00f3s-venda;<\/li>\n      <li>Manter as comunica\u00e7\u00f5es comerciais necess\u00e1rias com voc\u00ea, como o envio de literatura sobre produtos, solu\u00e7\u00f5es t\u00e9cnicas ou informa\u00e7\u00f5es relacionadas a pedidos;<\/li>\n      <li>Melhorar e otimizar a estrutura, o conte\u00fado e o desempenho deste site para aprimorar a experi\u00eancia geral do visitante;<\/li>\n      <li>Proteja o site e a rede contra fraudes, ataques e outras viola\u00e7\u00f5es;<\/li>\n      <li>Cumprimento das obriga\u00e7\u00f5es previstas em leis e regulamentos ou requisitos regulat\u00f3rios.<\/li>\n    <\/ul>\n    <p>\n      Se pretendermos usar suas informa\u00e7\u00f5es pessoais para fins diferentes dos estabelecidos nesta pol\u00edtica, ou usar as informa\u00e7\u00f5es coletadas para um fim espec\u00edfico para outros fins, obteremos seu consentimento pr\u00e9vio por meio de um lembrete de p\u00e1gina ou outros meios razo\u00e1veis.\n    <\/p>\n\n    <!-- \u4e94\u3001Cookie \u53ca\u7c7b\u4f3c\u6280\u672f -->\n    <h2 class=\"gp-section-title\">\n      <span class=\"gp-section-title-bar\"><\/span>\n      <span class=\"gp-section-title-text\">V. Cookies e tecnologias semelhantes<\/span>\n    <\/h2>\n    <p>\n      Para manter o site funcionando corretamente, lembrar suas prefer\u00eancias e analisar estatisticamente as visitas ao site, podemos armazenar em seu dispositivo pequenos arquivos de texto chamados cookies.\n      Os cookies geralmente cont\u00eam um identificador, o nome do site e uma s\u00e9rie de n\u00fameros e caracteres.\n    <\/p>\n    <p>\n      Podemos usar cookies para:\n    <\/p>\n    <ul>\n      <li>Lembrar seu idioma, regi\u00e3o e outras prefer\u00eancias para fornecer conte\u00fado mais personalizado na pr\u00f3xima vez que voc\u00ea visitar o site;<\/li>\n      <li>As estat\u00edsticas sobre o n\u00famero de visitantes do site, as origens dos visitantes e o comportamento dos usu\u00e1rios s\u00e3o usadas para melhorar a estrutura e o conte\u00fado do site;<\/li>\n      <li>Proteja o login e impe\u00e7a o acesso malicioso.<\/li>\n    <\/ul>\n    <p>\n      Voc\u00ea pode gerenciar ou excluir cookies por meio das configura\u00e7\u00f5es do seu navegador, e a maioria dos navegadores oferece a possibilidade de recusar ou limpar cookies. Observe, no entanto, que se voc\u00ea desativar os cookies, o uso normal de algumas fun\u00e7\u00f5es do site poder\u00e1 ser afetado.\n    <\/p>\n\n    <!-- \u516d\u3001\u6211\u4eec\u5982\u4f55\u5171\u4eab\u3001\u8f6c\u8ba9\u548c\u516c\u5f00\u62ab\u9732\u60a8\u7684\u4fe1\u606f -->\n    <h2 class=\"gp-section-title\">\n      <span class=\"gp-section-title-bar\"><\/span>\n      <span class=\"gp-section-title-text\">VI. como compartilhamos, transferimos e divulgamos publicamente suas informa\u00e7\u00f5es<\/span>\n    <\/h2>\n    <p>N\u00e3o vendemos suas informa\u00e7\u00f5es pessoais a terceiros e somente compartilharemos, transferiremos ou divulgaremos publicamente suas informa\u00e7\u00f5es nas seguintes circunst\u00e2ncias:<\/p>\n    <ol>\n      <li>\n        <strong>Compartilhamento necess\u00e1rio com prestadores de servi\u00e7os:<\/strong>\n        Para cumprir fun\u00e7\u00f5es como hospedagem de sites, manuten\u00e7\u00e3o de sistemas, an\u00e1lise de dados, correspond\u00eancias etc., podemos compartilhar as informa\u00e7\u00f5es necess\u00e1rias com parceiros terceirizados que nos fornecem servi\u00e7os relacionados. Exigiremos que eles tratem as informa\u00e7\u00f5es somente para os fins para os quais foram contratados e dentro do escopo desta pol\u00edtica, e que adotem medidas de confidencialidade e seguran\u00e7a n\u00e3o menos favor\u00e1veis do que as nossas.\n      <\/li>\n      <li>\n        <strong>Cumprimento de obriga\u00e7\u00f5es legais ou solicita\u00e7\u00f5es de autoridades governamentais:<\/strong>\n        Podemos fornecer as informa\u00e7\u00f5es necess\u00e1rias mediante solicita\u00e7\u00e3o, quando exigido por leis e regulamentos ou quando solicitado por autoridades administrativas ou judiciais, de acordo com a lei.\n      <\/li>\n      <li>\n        <strong>Envolvendo uma fus\u00e3o, cis\u00e3o, reorganiza\u00e7\u00e3o ou transfer\u00eancia de ativos:<\/strong>\n        Se estivermos envolvidos em uma fus\u00e3o, aquisi\u00e7\u00e3o, transfer\u00eancia de ativos ou transa\u00e7\u00e3o semelhante, suas informa\u00e7\u00f5es pessoais poder\u00e3o ser transferidas como parte dessa transa\u00e7\u00e3o. Solicitaremos que o destinat\u00e1rio continue vinculado a esta Pol\u00edtica de Privacidade ou solicitaremos que ele obtenha novamente seu consentimento autorizado.\n      <\/li>\n      <li>\n        <strong>Obter seu consentimento pr\u00e9vio expresso:<\/strong>\n        Em outros casos em que precisarmos compartilhar, transferir ou divulgar publicamente suas informa\u00e7\u00f5es, obteremos seu consentimento ou autoriza\u00e7\u00e3o pr\u00e9via e expressa.\n      <\/li>\n    <\/ol>\n\n    <!-- \u4e03\u3001\u6211\u4eec\u5982\u4f55\u5b58\u50a8\u548c\u4fdd\u62a4\u60a8\u7684\u4fe1\u606f -->\n    <h2 class=\"gp-section-title\">\n      <span class=\"gp-section-title-bar\"><\/span>\n      <span class=\"gp-section-title-text\">VII. como armazenamos e protegemos suas informa\u00e7\u00f5es<\/span>\n    <\/h2>\n    <p>\n      Armazenaremos suas informa\u00e7\u00f5es pessoais pelo per\u00edodo necess\u00e1rio para cumprir as finalidades descritas nesta pol\u00edtica, a menos que um per\u00edodo de reten\u00e7\u00e3o mais longo seja exigido ou permitido por lei ou regulamento. Ap\u00f3s o t\u00e9rmino do per\u00edodo de reten\u00e7\u00e3o, excluiremos ou tornaremos an\u00f4nimas suas informa\u00e7\u00f5es pessoais.\n    <\/p>\n    <p>\n      Para evitar o acesso, o uso, a divulga\u00e7\u00e3o, a modifica\u00e7\u00e3o, o dano ou a perda de informa\u00e7\u00f5es n\u00e3o autorizados, implementamos uma s\u00e9rie de medidas de seguran\u00e7a razoavelmente pratic\u00e1veis, incluindo, entre outras, as seguintes\n    <\/p>\n    <ul>\n      <li>Os mecanismos de controle de acesso s\u00e3o usados para restringir o acesso \u00e0s informa\u00e7\u00f5es relevantes apenas ao pessoal autorizado;<\/li>\n      <li>Reduzir o risco de vazamento de informa\u00e7\u00f5es por meio de criptografia, dessensibiliza\u00e7\u00e3o e outros meios t\u00e9cnicos;<\/li>\n      <li>Monitoramento e auditoria de seguran\u00e7a de sistemas e servi\u00e7os essenciais;<\/li>\n      <li>Organize regularmente treinamentos de conscientiza\u00e7\u00e3o de seguran\u00e7a para o pessoal interno.<\/li>\n    <\/ul>\n    <p>\n      Embora tenhamos tomado medidas razo\u00e1veis para proteger suas informa\u00e7\u00f5es pessoais, devido \u00e0 complexidade do ambiente da Internet, n\u00e3o \u00e9 poss\u00edvel garantir que as informa\u00e7\u00f5es estejam 100% seguras durante a transmiss\u00e3o pela rede. Mantenha suas informa\u00e7\u00f5es pessoais e registros de comunica\u00e7\u00e3o em um local seguro e, se achar que suas informa\u00e7\u00f5es pessoais podem estar em risco, entre em contato conosco imediatamente por meio das informa\u00e7\u00f5es de contato fornecidas nesta pol\u00edtica.\n    <\/p>\n\n    <!-- \u516b\u3001\u60a8\u7684\u6743\u5229 -->\n    <h2 class=\"gp-section-title\">\n      <span class=\"gp-section-title-bar\"><\/span>\n      <span class=\"gp-section-title-text\">VIII Seus direitos<\/span>\n    <\/h2>\n    <p>De acordo com as leis e regulamentos aplic\u00e1veis, voc\u00ea tem os seguintes direitos com rela\u00e7\u00e3o \u00e0s suas informa\u00e7\u00f5es pessoais:<\/p>\n    <ul>\n      <li>O direito de consultar e acessar as informa\u00e7\u00f5es pessoais que mantemos sobre voc\u00ea (exceto quando disposto de outra forma por lei ou regulamento);<\/li>\n      <li>O direito de solicitar que as informa\u00e7\u00f5es sejam corrigidas ou complementadas se forem consideradas imprecisas ou incompletas;<\/li>\n      <li>O direito de solicitar a exclus\u00e3o de suas informa\u00e7\u00f5es pessoais de acordo com as disposi\u00e7\u00f5es da lei;<\/li>\n      <li>O direito de retirar seu consentimento para autorizar uma determinada atividade de processamento, desde que a retirada do consentimento n\u00e3o afete a atividade de processamento que foi realizada com base em sua autoriza\u00e7\u00e3o antes da retirada;<\/li>\n      <li>Quando aplic\u00e1vel, o direito de apresentar uma reclama\u00e7\u00e3o ou relat\u00f3rio \u00e0 autoridade de supervis\u00e3o relevante sobre o manuseio de informa\u00e7\u00f5es pessoais.<\/li>\n    <\/ul>\n    <p>\n      Se desejar exercer qualquer um desses direitos, entre em contato conosco usando os detalhes de contato fornecidos no final desta pol\u00edtica. Para fins de seguran\u00e7a, talvez seja necess\u00e1rio verificar sua identidade.\n    <\/p>\n\n    <!-- \u4e5d\u3001\u672a\u6210\u5e74\u4eba\u4fe1\u606f\u4fdd\u62a4 -->\n    <h2 class=\"gp-section-title\">\n      <span class=\"gp-section-title-bar\"><\/span>\n      <span class=\"gp-section-title-text\">IX Prote\u00e7\u00e3o de informa\u00e7\u00f5es de menores<\/span>\n    <\/h2>\n    <p>\n      Este site \u00e9 destinado principalmente a usu\u00e1rios corporativos e adultos com plena capacidade de comportamento civil, e n\u00e3o atende principalmente a menores de idade. Se voc\u00ea for menor de idade, leia esta pol\u00edtica e use este site com o consentimento e a orienta\u00e7\u00e3o de seu respons\u00e1vel.\n    <\/p>\n    <p>\n      Se descobrirmos que as informa\u00e7\u00f5es pessoais de menores foram coletadas sem o consentimento pr\u00e9vio do respons\u00e1vel, tomaremos medidas para exclu\u00ed-las ou torn\u00e1-las an\u00f4nimas o mais r\u00e1pido poss\u00edvel.\n    <\/p>\n\n    <!-- \u5341\u3001\u7b2c\u4e09\u65b9\u94fe\u63a5\u4e0e\u670d\u52a1 -->\n    <h2 class=\"gp-section-title\">\n      <span class=\"gp-section-title-bar\"><\/span>\n      <span class=\"gp-section-title-text\">X. Links e servi\u00e7os de terceiros<\/span>\n    <\/h2>\n    <p>\n      O Site pode conter links para sites ou servi\u00e7os de terceiros (por exemplo, mapas on-line, plataformas de v\u00eddeo, m\u00eddia social, etc.). Observe que os sites e servi\u00e7os de terceiros s\u00e3o administrados de forma independente por seus respectivos operadores e suas pr\u00e1ticas de privacidade n\u00e3o s\u00e3o regidas por esta Pol\u00edtica de Privacidade.\n    <\/p>\n    <p>\n      Ao visitar o site de terceiros ou usar seus servi\u00e7os, leia e siga as pol\u00edticas de privacidade publicadas ou as instru\u00e7\u00f5es relacionadas, e n\u00e3o somos respons\u00e1veis pelas pr\u00e1ticas de privacidade de terceiros.\n    <\/p>\n\n    <!-- \u5341\u4e00\u3001\u8de8\u5883\u4f20\u8f93\uff08\u5982\u9002\u7528\uff09 -->\n    <h2 class=\"gp-section-title\">\n      <span class=\"gp-section-title-bar\"><\/span>\n      <span class=\"gp-section-title-text\">XI Transmiss\u00e3o transfronteiri\u00e7a (se aplic\u00e1vel)<\/span>\n    <\/h2>\n    <p>\n      Se parte de suas informa\u00e7\u00f5es precisar ser transferida para uma regi\u00e3o no exterior devido ao local de implanta\u00e7\u00e3o do servidor ou ao uso de servi\u00e7os de terceiros, cumpriremos as leis e os regulamentos relevantes e tomaremos medidas razoavelmente pratic\u00e1veis para proteger a seguran\u00e7a de suas informa\u00e7\u00f5es pessoais, por exemplo, criptografando a transmiss\u00e3o, o controle de acesso e outras formas de reduzir o risco.\n    <\/p>\n\n    <!-- \u5341\u4e8c\u3001\u672c\u9690\u79c1\u653f\u7b56\u7684\u66f4\u65b0 -->\n    <h2 class=\"gp-section-title\">\n      <span class=\"gp-section-title-bar\"><\/span>\n      <span class=\"gp-section-title-text\">XII Atualiza\u00e7\u00f5es desta Pol\u00edtica de Privacidade<\/span>\n    <\/h2>\n    <p>\n      Poderemos revisar esta Pol\u00edtica de Privacidade de acordo com o desenvolvimento dos neg\u00f3cios, altera\u00e7\u00f5es nos servi\u00e7os ou atualiza\u00e7\u00f5es nas leis e regulamentos relevantes. A pol\u00edtica revisada ser\u00e1 publicada nesta p\u00e1gina e entrar\u00e1 em vigor a partir da data de publica\u00e7\u00e3o. No caso de altera\u00e7\u00f5es importantes, poderemos notific\u00e1-lo por meios razo\u00e1veis, como an\u00fancios no site.\n    <\/p>\n    <p class=\"gp-muted\">\n      Altera\u00e7\u00f5es significativas incluem, mas n\u00e3o se limitam a, altera\u00e7\u00f5es materiais na finalidade, no m\u00e9todo de processamento ou no tipo de processamento de informa\u00e7\u00f5es pessoais; altera\u00e7\u00f5es nos destinat\u00e1rios do compartilhamento de informa\u00e7\u00f5es pessoais; e altera\u00e7\u00f5es materiais em seus principais direitos e na forma de exerc\u00ea-los.\n    <\/p>\n\n    <!-- \u5341\u4e09\u3001\u5982\u4f55\u8054\u7cfb\u6211\u4eec -->\n    <h2 class=\"gp-section-title\">\n      <span class=\"gp-section-title-bar\"><\/span>\n      <span class=\"gp-section-title-text\">XIII Como entrar em contato conosco<\/span>\n    <\/h2>\n    <p>Se tiver d\u00favidas, coment\u00e1rios ou sugest\u00f5es sobre esta Pol\u00edtica de Privacidade ou sobre quest\u00f5es de prote\u00e7\u00e3o de informa\u00e7\u00f5es pessoais, ou se precisar exercer seus direitos em rela\u00e7\u00e3o a elas, entre em contato conosco da seguinte forma:<\/p>\n    <p>Nome da empresa: Beijing Xiangheng Technology Co.<\/p>\n    <p>Endere\u00e7o para contato: No.9, A1 Lane, Xidulan Village, Nanfaxin Town, Shunyi District, Beijing, China<\/p>\n    <p>E-mail de contato: david@xianghengtech.com<\/p>\n    <p>Tel: +86 13911182428<\/p>\n\n    <div class=\"gp-divider\"><\/div>\n\n    <div class=\"gp-footer-note\">\n      Beijing Xiangheng Technology Co. Todos os direitos reservados.\n    <\/div>\n  <\/article>\n<\/div>","protected":false},"excerpt":{"rendered":"<p>\u4e00\u3001 \u7b80\u4ecb\u4e0e\u9002\u7528\u8303\u56f4 \u5317\u4eac\u7965\u4ea8\u79d1\u6280\u6709\u9650\u516c\u53f8\uff08\u4ee5\u4e0b\u7b80\u79f0\u201c\u672c\u516c\u53f8\u201d\u6216\u201c\u6211\u4eec\u201d\uff09\u975e\u5e38\u91cd\u89c6\u60a8\u7684\u4e2a\u4eba\u4fe1\u606f\u548c\u9690\u79c1\u4fdd\u62a4\u3002\u672c\u9690\u79c1\u653f\u7b56\u8bf4\u660e\u6211\u4eec\u5728\u60a8\u8bbf\u95ee\u548c\u4f7f\u7528\u672c\u516c\u53f8\u8fd0\u8425\u7684\u7f51\u7ad9 https:\/\/xianghengtech.com \uff08\u4ee5\u4e0b\u7b80\u79f0\u201c\u672c\u7f51\u7ad9\u201d\uff09\u4ee5\u53ca\u4e0e\u672c\u7f51&#8230;<\/p>","protected":false},"author":1,"featured_media":0,"parent":0,"menu_order":0,"comment_status":"closed","ping_status":"closed","template":"page-doc.php","meta":{"footnotes":""},"class_list":["post-533","page","type-page","status-publish","hentry"],"_links":{"self":[{"href":"https:\/\/xianghengtech.com\/pt\/wp-json\/wp\/v2\/pages\/533","targetHints":{"allow":["GET"]}}],"collection":[{"href":"https:\/\/xianghengtech.com\/pt\/wp-json\/wp\/v2\/pages"}],"about":[{"href":"https:\/\/xianghengtech.com\/pt\/wp-json\/wp\/v2\/types\/page"}],"author":[{"embeddable":true,"href":"https:\/\/xianghengtech.com\/pt\/wp-json\/wp\/v2\/users\/1"}],"replies":[{"embeddable":true,"href":"https:\/\/xianghengtech.com\/pt\/wp-json\/wp\/v2\/comments?post=533"}],"version-history":[{"count":4,"href":"https:\/\/xianghengtech.com\/pt\/wp-json\/wp\/v2\/pages\/533\/revisions"}],"predecessor-version":[{"id":546,"href":"https:\/\/xianghengtech.com\/pt\/wp-json\/wp\/v2\/pages\/533\/revisions\/546"}],"wp:attachment":[{"href":"https:\/\/xianghengtech.com\/pt\/wp-json\/wp\/v2\/media?parent=533"}],"curies":[{"name":"wp","href":"https:\/\/api.w.org\/{rel}","templated":true}]}}